{"id":150,"date":"2013-02-26T12:08:06","date_gmt":"2013-02-26T11:08:06","guid":{"rendered":"http:\/\/fpmafihobiana.org\/v4\/?page_id=150"},"modified":"2013-02-26T12:08:06","modified_gmt":"2013-02-26T11:08:06","slug":"qui-sommes-nous","status":"publish","type":"page","link":"https:\/\/fpmafihobiana.org\/?page_id=150","title":{"rendered":"Qui sommes-nous ?"},"content":{"rendered":"<p>La paroisse FPMA Fihobiana Paris est une association cultuelle si\u00e9geant en France. Ainsi, elle est r\u00e9gie par les lois fran\u00e7aises (association cultuelle : lois 1905 et 1906).<\/p>\n<p>La paroisse FPMA Fihobiana Paris a pour but la pr\u00e9dication de l\u2019Evangile de J\u00e9sus Christ, pour la gloire de Dieu, P\u00e8re, Fils et Saint Esprit :<\/p>\n<ul>\n<li>En contribuant \u00e0 l\u2019\u00e9ducation et l\u2019\u00e9panouissement de la vie spirituelle de ses membres par l\u2019enseignement de la Bible, formations diverses, retraites spirituelles\u2026, en accord avec les r\u00e8glements de la FPMA ( Eglise Protestante Malgache en France). La paroisse partage cela avec le peuple de Dieu, sans exception.<\/li>\n<li>En assurant un culte dominical afin d\u2019\u00eatre les t\u00e9moins de J\u00e9sus Christ et de la Foi en Lui. La paroisse assure \u00e9galement la Sainte C\u00e8ne tous les premiers et troisi\u00e8mes Dimanche du mois.<\/li>\n<\/ul>\n<p>Selon la Constitution de la FPMA , article 3 :<\/p>\n<ul>\n<li>La paroisse croit en Dieu, P\u00e8re , Fils , Saint Esprit.<\/li>\n<li>Elle croit et accepte que la Bonne Nouvelle est l\u2019expression de la puissance de Dieu pour sauver tous ceux qui croient en Lui.<\/li>\n<li>Elle accepte et enseigne \u00e0 ses membres que la Parole de Dieu contenue dans la Sainte Bible, Ancien Testament et Nouveau Testament , est la source et la loi sur lesquelles reposent sa foi, sa vie, son travail.<\/li>\n<\/ul>\n<p>Elle accepte la Confession de Foi de l\u2019Eglise universelle, appel\u00e9e Symboles \u0153cum\u00e9niques (Symboles des Ap\u00f4tres, Symboles de Nic\u00e9e, Symboles d\u2019Athanase) ainsi que la Confession de Foi de la R\u00e9forme (Confession de Foi de la Rochelle, Confession de Foi d\u2019Augsbourg).<\/p>\n","protected":false},"excerpt":{"rendered":"<p>La paroisse FPMA Fihobiana Paris est une association cultuelle si\u00e9geant en France. Ainsi, elle est r\u00e9gie par les lois fran\u00e7aises (association cultuelle : lois<\/p>\n","protected":false},"author":1,"featured_media":0,"parent":0,"menu_order":0,"comment_status":"closed","ping_status":"open","template":"","meta":{"footnotes":""},"class_list":["post-150","page","type-page","status-publish","hentry"],"_links":{"self":[{"href":"https:\/\/fpmafihobiana.org\/index.php?rest_route=\/wp\/v2\/pages\/150","targetHints":{"allow":["GET"]}}],"collection":[{"href":"https:\/\/fpmafihobiana.org\/index.php?rest_route=\/wp\/v2\/pages"}],"about":[{"href":"https:\/\/fpmafihobiana.org\/index.php?rest_route=\/wp\/v2\/types\/page"}],"author":[{"embeddable":true,"href":"https:\/\/fpmafihobiana.org\/index.php?rest_route=\/wp\/v2\/users\/1"}],"replies":[{"embeddable":true,"href":"https:\/\/fpmafihobiana.org\/index.php?rest_route=%2Fwp%2Fv2%2Fcomments&post=150"}],"version-history":[{"count":1,"href":"https:\/\/fpmafihobiana.org\/index.php?rest_route=\/wp\/v2\/pages\/150\/revisions"}],"predecessor-version":[{"id":151,"href":"https:\/\/fpmafihobiana.org\/index.php?rest_route=\/wp\/v2\/pages\/150\/revisions\/151"}],"wp:attachment":[{"href":"https:\/\/fpmafihobiana.org\/index.php?rest_route=%2Fwp%2Fv2%2Fmedia&parent=150"}],"curies":[{"name":"wp","href":"https:\/\/api.w.org\/{rel}","templated":true}]}}