{"id":16,"date":"2013-02-18T11:32:45","date_gmt":"2013-02-18T10:32:45","guid":{"rendered":"http:\/\/fpmafihobiana.org\/v4\/?page_id=16"},"modified":"2023-04-23T18:26:28","modified_gmt":"2023-04-23T17:26:28","slug":"croitre-en-jesus","status":"publish","type":"page","link":"https:\/\/fpmafihobiana.org\/?page_id=16","title":{"rendered":"Cro\u00eetre en J\u00e9sus"},"content":{"rendered":"<blockquote>\n<p style=\"text-align: center;\"><strong>\u00ab Croissez dans la gr\u00e2ce et dans la connaissance de notre Seigneur et Sauveur J\u00e9sus-Christ \u00bb (2 Pierre 3 :18).<\/strong><\/p>\n<\/blockquote>\n<p>La nouvelle vie en Christ devrait avoir la force de cro\u00eetre gr\u00e2ce \u00e0 la pr\u00e9sence de J\u00e9sus dans le c\u0153ur et \u00e0 l&rsquo;\u00e9tude de sa Parole. On devrait en voir la manifestation lorsque chacun atteint \u00ab\u00a0la mesure de la pleine stature parfaite du Christ\u00a0\u00bb (Eph\u00e9siens 4 :13).<\/p>\n<p style=\"text-align: justify;\">Le chr\u00e9tien qui a re\u00e7u la connaissance du salut est incit\u00e9 d\u00e9sormais \u00e0 marcher de progr\u00e8s en progr\u00e8s (I Thessaloniciens 4 :1), cherchant \u00e0 poss\u00e9der abondamment les dons spirituels pour l\u2019\u00e9dification de l\u2019Eglise (I Corinthiens 14 :12). Chaque croyant doit passer de l\u2019enfance spirituelle \u00e0 l\u2019\u00e9tat de l\u2019homme accompli (H\u00e9breux 5 :12), par la croissance de la connaissance de Dieu (Colossiens 1 :10), de la foi (2 Th. 1 :3), de l\u2019amour (Phillipiens 1 :9 ; I Thessaloniciens 3 :12), des fruits de la justice (II Corinthiens 9 :10). Et celui qui cro\u00eet ainsi dans la gr\u00e2ce constate d\u00e9sormais que sa force augmente \u00e0 mesure qu\u2019il avance.<\/p>\n<p style=\"text-align: justify;\">Le chr\u00e9tien n\u2019est donc jamais une personne accomplie (Phillipiens 3 :12), mais dans sa course en avant, dans sa marche vers la perfection, il aspire sans cesse \u00e0 atteindre, par la vertu du Saint-Esprit, la stature parfaite de Christ. Et dans la mesure o\u00f9 c\u2019est Christ qui grandit en lui, son propre moi s\u2019efface, \u00ab il faut qu\u2019Il croisse et que je diminue \u00bb (Jean 3 :30). Ainsi les progr\u00e8s du croyant, loin de porter \u00e0 l\u2019orgueil, l\u2019incitent au contraire \u00e0 l\u2019humilit\u00e9, car ils le conduisent \u00e0 reconna\u00eetre toujours davantage que ce n\u2019est pas celui qui plante qui est quelque chose, ni celui qui arrose, mais Dieu qui fait cro\u00eetre (I Corinthiens 3 :7).<\/p>\n<p style=\"text-align: justify;\">Le chr\u00e9tien doit grandir non pas isol\u00e9, mais dans l\u2019Eglise, o\u00f9 il est ins\u00e9r\u00e9 comme une pierre vivante ; en m\u00eame temps qu\u2019il cro\u00eet pour le salut, la maison spirituelle qu\u2019est l\u2019Eglise s\u2019\u00e9difie (I Pierre 2 :2-5). L\u2019ob\u00e9issance du croyant dans la communion de la communaut\u00e9 chr\u00e9tienne fait cro\u00eetre sa foi (Phillipiens 1 :25 ; II Thessaloniciens 1 :3), et le conduit \u00e0 un t\u00e9moignage efficace dans le monde (II Corinthiens 10 :15).<\/p>\n<p style=\"text-align: justify;\">La croissance est une loi de la vie chr\u00e9tienne comme celle de toute vie. La germination repr\u00e9sente le commencement de la vie spirituelle; le d\u00e9veloppement de la plante est une belle image de la croissance chr\u00e9tienne. Il en est de la gr\u00e2ce comme de la nature : il ne peut y avoir de vie sans croissance constante. La plante doit grandir ou mourir. Le d\u00e9veloppement de la vie chr\u00e9tienne, comme celui de la plante, est silencieux et imperceptible, mais constant. A chaque phase, notre vie peut \u00eatre parfaite: cependant, si le dessein de Dieu \u00e0 notre \u00e9gard s&rsquo;accomplit, il y aura un progr\u00e8s continuel.<\/p>\n","protected":false},"excerpt":{"rendered":"<p>\u00ab Croissez dans la gr\u00e2ce et dans la connaissance de notre Seigneur et Sauveur J\u00e9sus-Christ \u00bb (2 Pierre 3 :18). La nouvelle vie en<\/p>\n","protected":false},"author":1,"featured_media":0,"parent":0,"menu_order":2,"comment_status":"closed","ping_status":"closed","template":"","meta":{"footnotes":""},"class_list":["post-16","page","type-page","status-publish","hentry"],"_links":{"self":[{"href":"https:\/\/fpmafihobiana.org\/index.php?rest_route=\/wp\/v2\/pages\/16","targetHints":{"allow":["GET"]}}],"collection":[{"href":"https:\/\/fpmafihobiana.org\/index.php?rest_route=\/wp\/v2\/pages"}],"about":[{"href":"https:\/\/fpmafihobiana.org\/index.php?rest_route=\/wp\/v2\/types\/page"}],"author":[{"embeddable":true,"href":"https:\/\/fpmafihobiana.org\/index.php?rest_route=\/wp\/v2\/users\/1"}],"replies":[{"embeddable":true,"href":"https:\/\/fpmafihobiana.org\/index.php?rest_route=%2Fwp%2Fv2%2Fcomments&post=16"}],"version-history":[{"count":8,"href":"https:\/\/fpmafihobiana.org\/index.php?rest_route=\/wp\/v2\/pages\/16\/revisions"}],"predecessor-version":[{"id":2220,"href":"https:\/\/fpmafihobiana.org\/index.php?rest_route=\/wp\/v2\/pages\/16\/revisions\/2220"}],"wp:attachment":[{"href":"https:\/\/fpmafihobiana.org\/index.php?rest_route=%2Fwp%2Fv2%2Fmedia&parent=16"}],"curies":[{"name":"wp","href":"https:\/\/api.w.org\/{rel}","templated":true}]}}